{"id":538,"date":"2015-05-21T15:11:22","date_gmt":"2015-05-21T18:11:22","guid":{"rendered":"http:\/\/www.camaratangara.sc.gov.br\/site\/?page_id=538"},"modified":"2020-08-04T15:09:15","modified_gmt":"2020-08-04T18:09:15","slug":"historico","status":"publish","type":"page","link":"https:\/\/camaralacerdopolis.sc.gov.br\/site\/institucional\/historico\/","title":{"rendered":"Hist\u00f3rico"},"content":{"rendered":"<p>A C\u00e2mara de Vereadores de Lacerd\u00f3polis, foi instalada oficialmente em 15 de Novembro do ano de 1.965, em sess\u00e3o solene presidida pelo vereador AFONSO MIGUEL PERIN, hoje falecido, onde foram empossados os primeiros vereadores eleitos pelo voto popular: Osvaldo D\u2019Agostini, Lucio Savaris, Sim\u00e3o Proner, Baldu\u00edno Dall\u2019Oglio, Baldu\u00edno Tesser (falecido) e Vit\u00f3rio Dall\u2019Orsoletta (falecido).<\/p>\n<p>Durante a primeira sess\u00e3o que se realizou \u00e1s quatorze horas no ano de 1965, na C\u00e2mara Municipal de Lacerd\u00f3polis, os vereadores firmaram compromisso com a sociedade: \u201cPor minha honra e pela P\u00e1tria prometo defender as institui\u00e7\u00f5es da Rep\u00fablica, do Estado e do Munic\u00edpio, desempenhando fielmente o mandato que o Povo me confiou\u201d.<\/p>\n<p>A C\u00e2mara Municipal de Vereadores em seus quase 45 anos de exist\u00eancia, teve 20 presidentes, dentre eles, tr\u00eas mulheres vereadoras e mais de 60 vereadores, registrando momentos hist\u00f3ricos em sua trajet\u00f3ria, como a instala\u00e7\u00e3o da Comiss\u00e3o Constituinte em 24 de outubro de 1.989, respons\u00e1vel pela elabora\u00e7\u00e3o da Lei Org\u00e2nica Municipal, que foi promulgada em 05 de abril de 1.990, e representou marco importante, por ser fruto do restabelecimento democr\u00e1tico no pa\u00eds e do definitivo reconhecimento da autonomia Municipal.<\/p>\n","protected":false},"excerpt":{"rendered":"<p>A C\u00e2mara de Vereadores de Lacerd\u00f3polis, foi instalada oficialmente em 15 de Novembro do ano de 1.965, em sess\u00e3o solene presidida pelo vereador AFONSO MIGUEL PERIN, hoje falecido, onde foram empossados os primeiros vereadores eleitos pelo voto popular: Osvaldo D\u2019Agostini, Lucio Savaris, Sim\u00e3o Proner, Baldu\u00edno Dall\u2019Oglio, Baldu\u00edno Tesser (falecido) e Vit\u00f3rio Dall\u2019Orsoletta (falecido). Durante a<span class=\"read-more arrow\"><a href=\"https:\/\/camaralacerdopolis.sc.gov.br\/site\/institucional\/historico\/\" title=\"Leia Mais\">&rarr;<\/a><\/span><\/p>\n","protected":false},"author":2,"featured_media":0,"parent":30,"menu_order":0,"comment_status":"open","ping_status":"closed","template":"","meta":{"_monsterinsights_skip_tracking":false,"_monsterinsights_sitenote_active":false,"_monsterinsights_sitenote_note":"","_monsterinsights_sitenote_category":0,"footnotes":""},"class_list":["post-538","page","type-page","status-publish"],"yoast_head":"<!-- This site is optimized with the Yoast SEO plugin v26.4 - https:\/\/yoast.com\/wordpress\/plugins\/seo\/ -->\n<title>Hist\u00f3rico - C\u00e2mara Municipal de Vereadores de Lacerd\u00f3polis - Santa Catarina<\/title>\n<meta name=\"robots\" content=\"index, follow, max-snippet:-1, max-image-preview:large, max-video-preview:-1\" \/>\n<link rel=\"canonical\" href=\"https:\/\/camaralacerdopolis.sc.gov.br\/site\/institucional\/historico\/\" \/>\n<meta property=\"og:locale\" content=\"pt_BR\" \/>\n<meta property=\"og:type\" content=\"article\" \/>\n<meta property=\"og:title\" content=\"Hist\u00f3rico - C\u00e2mara Municipal de Vereadores de Lacerd\u00f3polis - Santa Catarina\" \/>\n<meta property=\"og:description\" content=\"A C\u00e2mara de Vereadores de Lacerd\u00f3polis, foi instalada oficialmente em 15 de Novembro do ano de 1.965, em sess\u00e3o solene presidida pelo vereador AFONSO MIGUEL PERIN, hoje falecido, onde foram empossados os primeiros vereadores eleitos pelo voto popular: Osvaldo D\u2019Agostini, Lucio Savaris, Sim\u00e3o Proner, Baldu\u00edno Dall\u2019Oglio, Baldu\u00edno Tesser (falecido) e Vit\u00f3rio Dall\u2019Orsoletta (falecido). Durante a&rarr;\" \/>\n<meta property=\"og:url\" content=\"https:\/\/camaralacerdopolis.sc.gov.br\/site\/institucional\/historico\/\" \/>\n<meta property=\"og:site_name\" content=\"C\u00e2mara Municipal de Vereadores de Lacerd\u00f3polis - Santa Catarina\" \/>\n<meta property=\"article:modified_time\" content=\"2020-08-04T18:09:15+00:00\" \/>\n<meta name=\"twitter:card\" content=\"summary_large_image\" \/>\n<meta name=\"twitter:label1\" content=\"Est. tempo de leitura\" \/>\n\t<meta name=\"twitter:data1\" content=\"1 minuto\" \/>\n<script type=\"application\/ld+json\" class=\"yoast-schema-graph\">{\"@context\":\"https:\/\/schema.org\",\"@graph\":[{\"@type\":\"WebPage\",\"@id\":\"https:\/\/camaralacerdopolis.sc.gov.br\/site\/institucional\/historico\/\",\"url\":\"https:\/\/camaralacerdopolis.sc.gov.br\/site\/institucional\/historico\/\",\"name\":\"Hist\u00f3rico - C\u00e2mara Municipal de Vereadores de Lacerd\u00f3polis - Santa Catarina\",\"isPartOf\":{\"@id\":\"https:\/\/camaralacerdopolis.sc.gov.br\/site\/#website\"},\"datePublished\":\"2015-05-21T18:11:22+00:00\",\"dateModified\":\"2020-08-04T18:09:15+00:00\",\"breadcrumb\":{\"@id\":\"https:\/\/camaralacerdopolis.sc.gov.br\/site\/institucional\/historico\/#breadcrumb\"},\"inLanguage\":\"pt-BR\",\"potentialAction\":[{\"@type\":\"ReadAction\",\"target\":[\"https:\/\/camaralacerdopolis.sc.gov.br\/site\/institucional\/historico\/\"]}]},{\"@type\":\"BreadcrumbList\",\"@id\":\"https:\/\/camaralacerdopolis.sc.gov.br\/site\/institucional\/historico\/#breadcrumb\",\"itemListElement\":[{\"@type\":\"ListItem\",\"position\":1,\"name\":\"Home\",\"item\":\"https:\/\/camaralacerdopolis.sc.gov.br\/site\/\"},{\"@type\":\"ListItem\",\"position\":2,\"name\":\"Institucional\",\"item\":\"https:\/\/camaralacerdopolis.sc.gov.br\/site\/institucional\/\"},{\"@type\":\"ListItem\",\"position\":3,\"name\":\"Hist\u00f3rico\"}]},{\"@type\":\"WebSite\",\"@id\":\"https:\/\/camaralacerdopolis.sc.gov.br\/site\/#website\",\"url\":\"https:\/\/camaralacerdopolis.sc.gov.br\/site\/\",\"name\":\"C\u00e2mara Municipal de Vereadores de Lacerd\u00f3polis - Santa Catarina\",\"description\":\"\",\"potentialAction\":[{\"@type\":\"SearchAction\",\"target\":{\"@type\":\"EntryPoint\",\"urlTemplate\":\"https:\/\/camaralacerdopolis.sc.gov.br\/site\/?s={search_term_string}\"},\"query-input\":{\"@type\":\"PropertyValueSpecification\",\"valueRequired\":true,\"valueName\":\"search_term_string\"}}],\"inLanguage\":\"pt-BR\"}]}<\/script>\n<!-- \/ Yoast SEO plugin. -->","yoast_head_json":{"title":"Hist\u00f3rico - C\u00e2mara Municipal de Vereadores de Lacerd\u00f3polis - Santa Catarina","robots":{"index":"index","follow":"follow","max-snippet":"max-snippet:-1","max-image-preview":"max-image-preview:large","max-video-preview":"max-video-preview:-1"},"canonical":"https:\/\/camaralacerdopolis.sc.gov.br\/site\/institucional\/historico\/","og_locale":"pt_BR","og_type":"article","og_title":"Hist\u00f3rico - C\u00e2mara Municipal de Vereadores de Lacerd\u00f3polis - Santa Catarina","og_description":"A C\u00e2mara de Vereadores de Lacerd\u00f3polis, foi instalada oficialmente em 15 de Novembro do ano de 1.965, em sess\u00e3o solene presidida pelo vereador AFONSO MIGUEL PERIN, hoje falecido, onde foram empossados os primeiros vereadores eleitos pelo voto popular: Osvaldo D\u2019Agostini, Lucio Savaris, Sim\u00e3o Proner, Baldu\u00edno Dall\u2019Oglio, Baldu\u00edno Tesser (falecido) e Vit\u00f3rio Dall\u2019Orsoletta (falecido). Durante a&rarr;","og_url":"https:\/\/camaralacerdopolis.sc.gov.br\/site\/institucional\/historico\/","og_site_name":"C\u00e2mara Municipal de Vereadores de Lacerd\u00f3polis - Santa Catarina","article_modified_time":"2020-08-04T18:09:15+00:00","twitter_card":"summary_large_image","twitter_misc":{"Est. tempo de leitura":"1 minuto"},"schema":{"@context":"https:\/\/schema.org","@graph":[{"@type":"WebPage","@id":"https:\/\/camaralacerdopolis.sc.gov.br\/site\/institucional\/historico\/","url":"https:\/\/camaralacerdopolis.sc.gov.br\/site\/institucional\/historico\/","name":"Hist\u00f3rico - C\u00e2mara Municipal de Vereadores de Lacerd\u00f3polis - Santa Catarina","isPartOf":{"@id":"https:\/\/camaralacerdopolis.sc.gov.br\/site\/#website"},"datePublished":"2015-05-21T18:11:22+00:00","dateModified":"2020-08-04T18:09:15+00:00","breadcrumb":{"@id":"https:\/\/camaralacerdopolis.sc.gov.br\/site\/institucional\/historico\/#breadcrumb"},"inLanguage":"pt-BR","potentialAction":[{"@type":"ReadAction","target":["https:\/\/camaralacerdopolis.sc.gov.br\/site\/institucional\/historico\/"]}]},{"@type":"BreadcrumbList","@id":"https:\/\/camaralacerdopolis.sc.gov.br\/site\/institucional\/historico\/#breadcrumb","itemListElement":[{"@type":"ListItem","position":1,"name":"Home","item":"https:\/\/camaralacerdopolis.sc.gov.br\/site\/"},{"@type":"ListItem","position":2,"name":"Institucional","item":"https:\/\/camaralacerdopolis.sc.gov.br\/site\/institucional\/"},{"@type":"ListItem","position":3,"name":"Hist\u00f3rico"}]},{"@type":"WebSite","@id":"https:\/\/camaralacerdopolis.sc.gov.br\/site\/#website","url":"https:\/\/camaralacerdopolis.sc.gov.br\/site\/","name":"C\u00e2mara Municipal de Vereadores de Lacerd\u00f3polis - Santa Catarina","description":"","potentialAction":[{"@type":"SearchAction","target":{"@type":"EntryPoint","urlTemplate":"https:\/\/camaralacerdopolis.sc.gov.br\/site\/?s={search_term_string}"},"query-input":{"@type":"PropertyValueSpecification","valueRequired":true,"valueName":"search_term_string"}}],"inLanguage":"pt-BR"}]}},"jetpack_sharing_enabled":true,"_links":{"self":[{"href":"https:\/\/camaralacerdopolis.sc.gov.br\/site\/wp-json\/wp\/v2\/pages\/538","targetHints":{"allow":["GET"]}}],"collection":[{"href":"https:\/\/camaralacerdopolis.sc.gov.br\/site\/wp-json\/wp\/v2\/pages"}],"about":[{"href":"https:\/\/camaralacerdopolis.sc.gov.br\/site\/wp-json\/wp\/v2\/types\/page"}],"author":[{"embeddable":true,"href":"https:\/\/camaralacerdopolis.sc.gov.br\/site\/wp-json\/wp\/v2\/users\/2"}],"replies":[{"embeddable":true,"href":"https:\/\/camaralacerdopolis.sc.gov.br\/site\/wp-json\/wp\/v2\/comments?post=538"}],"version-history":[{"count":3,"href":"https:\/\/camaralacerdopolis.sc.gov.br\/site\/wp-json\/wp\/v2\/pages\/538\/revisions"}],"predecessor-version":[{"id":3444,"href":"https:\/\/camaralacerdopolis.sc.gov.br\/site\/wp-json\/wp\/v2\/pages\/538\/revisions\/3444"}],"up":[{"embeddable":true,"href":"https:\/\/camaralacerdopolis.sc.gov.br\/site\/wp-json\/wp\/v2\/pages\/30"}],"wp:attachment":[{"href":"https:\/\/camaralacerdopolis.sc.gov.br\/site\/wp-json\/wp\/v2\/media?parent=538"}],"curies":[{"name":"wp","href":"https:\/\/api.w.org\/{rel}","templated":true}]}}