{"id":542,"date":"2015-05-21T15:11:55","date_gmt":"2015-05-21T18:11:55","guid":{"rendered":"http:\/\/www.camaratangara.sc.gov.br\/site\/?page_id=542"},"modified":"2020-08-04T10:52:39","modified_gmt":"2020-08-04T13:52:39","slug":"orcamentos","status":"publish","type":"page","link":"https:\/\/camaralacerdopolis.sc.gov.br\/site\/institucional\/orcamentos\/","title":{"rendered":"Or\u00e7amentos Anuais"},"content":{"rendered":"","protected":false},"excerpt":{"rendered":"","protected":false},"author":2,"featured_media":0,"parent":30,"menu_order":0,"comment_status":"open","ping_status":"closed","template":"","meta":{"_monsterinsights_skip_tracking":false,"_monsterinsights_sitenote_active":false,"_monsterinsights_sitenote_note":"","_monsterinsights_sitenote_category":0,"footnotes":""},"class_list":["post-542","page","type-page","status-publish"],"yoast_head":"<!-- This site is optimized with the Yoast SEO plugin v26.4 - https:\/\/yoast.com\/wordpress\/plugins\/seo\/ -->\n<title>Or\u00e7amentos Anuais - C\u00e2mara Municipal de Vereadores de Lacerd\u00f3polis - Santa Catarina<\/title>\n<meta name=\"robots\" content=\"index, follow, max-snippet:-1, max-image-preview:large, max-video-preview:-1\" \/>\n<link rel=\"canonical\" href=\"https:\/\/camaralacerdopolis.sc.gov.br\/site\/institucional\/orcamentos\/\" \/>\n<meta property=\"og:locale\" content=\"pt_BR\" \/>\n<meta property=\"og:type\" content=\"article\" \/>\n<meta property=\"og:title\" content=\"Or\u00e7amentos Anuais - C\u00e2mara Municipal de Vereadores de Lacerd\u00f3polis - Santa Catarina\" \/>\n<meta property=\"og:url\" content=\"https:\/\/camaralacerdopolis.sc.gov.br\/site\/institucional\/orcamentos\/\" \/>\n<meta property=\"og:site_name\" content=\"C\u00e2mara Municipal de Vereadores de Lacerd\u00f3polis - Santa Catarina\" \/>\n<meta property=\"article:modified_time\" content=\"2020-08-04T13:52:39+00:00\" \/>\n<meta name=\"twitter:card\" content=\"summary_large_image\" \/>\n<script type=\"application\/ld+json\" class=\"yoast-schema-graph\">{\"@context\":\"https:\/\/schema.org\",\"@graph\":[{\"@type\":\"WebPage\",\"@id\":\"https:\/\/camaralacerdopolis.sc.gov.br\/site\/institucional\/orcamentos\/\",\"url\":\"https:\/\/camaralacerdopolis.sc.gov.br\/site\/institucional\/orcamentos\/\",\"name\":\"Or\u00e7amentos Anuais - C\u00e2mara Municipal de Vereadores de Lacerd\u00f3polis - Santa Catarina\",\"isPartOf\":{\"@id\":\"https:\/\/camaralacerdopolis.sc.gov.br\/site\/#website\"},\"datePublished\":\"2015-05-21T18:11:55+00:00\",\"dateModified\":\"2020-08-04T13:52:39+00:00\",\"breadcrumb\":{\"@id\":\"https:\/\/camaralacerdopolis.sc.gov.br\/site\/institucional\/orcamentos\/#breadcrumb\"},\"inLanguage\":\"pt-BR\",\"potentialAction\":[{\"@type\":\"ReadAction\",\"target\":[\"https:\/\/camaralacerdopolis.sc.gov.br\/site\/institucional\/orcamentos\/\"]}]},{\"@type\":\"BreadcrumbList\",\"@id\":\"https:\/\/camaralacerdopolis.sc.gov.br\/site\/institucional\/orcamentos\/#breadcrumb\",\"itemListElement\":[{\"@type\":\"ListItem\",\"position\":1,\"name\":\"Home\",\"item\":\"https:\/\/camaralacerdopolis.sc.gov.br\/site\/\"},{\"@type\":\"ListItem\",\"position\":2,\"name\":\"Institucional\",\"item\":\"https:\/\/camaralacerdopolis.sc.gov.br\/site\/institucional\/\"},{\"@type\":\"ListItem\",\"position\":3,\"name\":\"Or\u00e7amentos Anuais\"}]},{\"@type\":\"WebSite\",\"@id\":\"https:\/\/camaralacerdopolis.sc.gov.br\/site\/#website\",\"url\":\"https:\/\/camaralacerdopolis.sc.gov.br\/site\/\",\"name\":\"C\u00e2mara Municipal de Vereadores de Lacerd\u00f3polis - Santa Catarina\",\"description\":\"\",\"potentialAction\":[{\"@type\":\"SearchAction\",\"target\":{\"@type\":\"EntryPoint\",\"urlTemplate\":\"https:\/\/camaralacerdopolis.sc.gov.br\/site\/?s={search_term_string}\"},\"query-input\":{\"@type\":\"PropertyValueSpecification\",\"valueRequired\":true,\"valueName\":\"search_term_string\"}}],\"inLanguage\":\"pt-BR\"}]}<\/script>\n<!-- \/ Yoast SEO plugin. -->","yoast_head_json":{"title":"Or\u00e7amentos Anuais - C\u00e2mara Municipal de Vereadores de Lacerd\u00f3polis - Santa Catarina","robots":{"index":"index","follow":"follow","max-snippet":"max-snippet:-1","max-image-preview":"max-image-preview:large","max-video-preview":"max-video-preview:-1"},"canonical":"https:\/\/camaralacerdopolis.sc.gov.br\/site\/institucional\/orcamentos\/","og_locale":"pt_BR","og_type":"article","og_title":"Or\u00e7amentos Anuais - C\u00e2mara Municipal de Vereadores de Lacerd\u00f3polis - Santa Catarina","og_url":"https:\/\/camaralacerdopolis.sc.gov.br\/site\/institucional\/orcamentos\/","og_site_name":"C\u00e2mara Municipal de Vereadores de Lacerd\u00f3polis - Santa Catarina","article_modified_time":"2020-08-04T13:52:39+00:00","twitter_card":"summary_large_image","schema":{"@context":"https:\/\/schema.org","@graph":[{"@type":"WebPage","@id":"https:\/\/camaralacerdopolis.sc.gov.br\/site\/institucional\/orcamentos\/","url":"https:\/\/camaralacerdopolis.sc.gov.br\/site\/institucional\/orcamentos\/","name":"Or\u00e7amentos Anuais - C\u00e2mara Municipal de Vereadores de Lacerd\u00f3polis - Santa Catarina","isPartOf":{"@id":"https:\/\/camaralacerdopolis.sc.gov.br\/site\/#website"},"datePublished":"2015-05-21T18:11:55+00:00","dateModified":"2020-08-04T13:52:39+00:00","breadcrumb":{"@id":"https:\/\/camaralacerdopolis.sc.gov.br\/site\/institucional\/orcamentos\/#breadcrumb"},"inLanguage":"pt-BR","potentialAction":[{"@type":"ReadAction","target":["https:\/\/camaralacerdopolis.sc.gov.br\/site\/institucional\/orcamentos\/"]}]},{"@type":"BreadcrumbList","@id":"https:\/\/camaralacerdopolis.sc.gov.br\/site\/institucional\/orcamentos\/#breadcrumb","itemListElement":[{"@type":"ListItem","position":1,"name":"Home","item":"https:\/\/camaralacerdopolis.sc.gov.br\/site\/"},{"@type":"ListItem","position":2,"name":"Institucional","item":"https:\/\/camaralacerdopolis.sc.gov.br\/site\/institucional\/"},{"@type":"ListItem","position":3,"name":"Or\u00e7amentos Anuais"}]},{"@type":"WebSite","@id":"https:\/\/camaralacerdopolis.sc.gov.br\/site\/#website","url":"https:\/\/camaralacerdopolis.sc.gov.br\/site\/","name":"C\u00e2mara Municipal de Vereadores de Lacerd\u00f3polis - Santa Catarina","description":"","potentialAction":[{"@type":"SearchAction","target":{"@type":"EntryPoint","urlTemplate":"https:\/\/camaralacerdopolis.sc.gov.br\/site\/?s={search_term_string}"},"query-input":{"@type":"PropertyValueSpecification","valueRequired":true,"valueName":"search_term_string"}}],"inLanguage":"pt-BR"}]}},"jetpack_sharing_enabled":true,"_links":{"self":[{"href":"https:\/\/camaralacerdopolis.sc.gov.br\/site\/wp-json\/wp\/v2\/pages\/542","targetHints":{"allow":["GET"]}}],"collection":[{"href":"https:\/\/camaralacerdopolis.sc.gov.br\/site\/wp-json\/wp\/v2\/pages"}],"about":[{"href":"https:\/\/camaralacerdopolis.sc.gov.br\/site\/wp-json\/wp\/v2\/types\/page"}],"author":[{"embeddable":true,"href":"https:\/\/camaralacerdopolis.sc.gov.br\/site\/wp-json\/wp\/v2\/users\/2"}],"replies":[{"embeddable":true,"href":"https:\/\/camaralacerdopolis.sc.gov.br\/site\/wp-json\/wp\/v2\/comments?post=542"}],"version-history":[{"count":1,"href":"https:\/\/camaralacerdopolis.sc.gov.br\/site\/wp-json\/wp\/v2\/pages\/542\/revisions"}],"predecessor-version":[{"id":3414,"href":"https:\/\/camaralacerdopolis.sc.gov.br\/site\/wp-json\/wp\/v2\/pages\/542\/revisions\/3414"}],"up":[{"embeddable":true,"href":"https:\/\/camaralacerdopolis.sc.gov.br\/site\/wp-json\/wp\/v2\/pages\/30"}],"wp:attachment":[{"href":"https:\/\/camaralacerdopolis.sc.gov.br\/site\/wp-json\/wp\/v2\/media?parent=542"}],"curies":[{"name":"wp","href":"https:\/\/api.w.org\/{rel}","templated":true}]}}