{"id":840,"date":"2015-07-01T14:49:41","date_gmt":"2015-07-01T17:49:41","guid":{"rendered":"http:\/\/www.camaratangara.sc.gov.br\/site\/?page_id=840"},"modified":"2026-02-13T10:10:26","modified_gmt":"2026-02-13T13:10:26","slug":"comissoes-permanentes","status":"publish","type":"page","link":"https:\/\/camaralacerdopolis.sc.gov.br\/site\/membros\/comissoes-permanentes\/","title":{"rendered":"Comiss\u00f5es Permanentes"},"content":{"rendered":"<div class=\"ts-row block cf wpb_row\">\n\t<div class=\"col-12 wpb_column vc_column_container\">\n\t\t\t\n\t<div class=\"wpb_text_column wpb_content_element \">\n\t\t<div class=\"post-content text-font\">\n\t\t\t<p><strong>Comiss\u00e3o de Constitui\u00e7\u00e3o, Legisla\u00e7\u00e3o e Justi\u00e7a:<\/strong><\/p>\n<ul>\n<li><strong>Presidente:<\/strong> Nailson Mantovani (MDB);<\/li>\n<li><strong>Membro:<\/strong> Fabiano Miqueloto (MDB);<\/li>\n<li><strong>Membro:<\/strong> Juventino Jos\u00e9 Savaris J\u00fanior (PP);<\/li>\n<li><strong>Suplentes:<\/strong> Gervesson Antonio Cadore (MDB), Solange Maria de Assis (PL).<\/li>\n<\/ul>\n<p><strong>Comiss\u00e3o de Transportes, Tecnologia, Inform\u00e1tica, Obras P\u00fablicas e Urbanismo:<\/strong><\/p>\n<ul>\n<li><strong>Presidente:<\/strong> Nelso Antonio Dall Orsoletta (MDB);<\/li>\n<li><strong>Membro:<\/strong> Ademir de Jesus (PP);<\/li>\n<li><strong>Membro:<\/strong> Fabiano Miqueloto (MDB);<\/li>\n<li><strong>Suplentes:<\/strong> Gervesson Antonio Cadore (MDB), Andressa Costenaro (PL).<\/li>\n<\/ul>\n<p><strong>Comiss\u00e3o de Finan\u00e7as, Or\u00e7amento, Tributa\u00e7\u00e3o e Fiscaliza\u00e7\u00e3o:<\/strong><\/p>\n<ul>\n<li><strong>Presidente:<\/strong> Fabiano Miqueloto (MDB);<\/li>\n<li><strong>Membro:<\/strong> Gervesson Antonio Cadore (MDB);<\/li>\n<li><strong>Membro:<\/strong> Juventino Jos\u00e9 Savaris J\u00fanior (PP);<\/li>\n<li><strong>Suplentes:<\/strong> Nelso Antonio Dall Orsoletta (MDB), Andressa Costenaro (PL).<\/li>\n<\/ul>\n<p><strong>Comiss\u00e3o de Educa\u00e7\u00e3o, Ci\u00eancia, Comunica\u00e7\u00e3o, Cultura, Desporto, Sa\u00fade P\u00fablica e Assist\u00eancia Social:<\/strong><\/p>\n<ul>\n<li><strong>Presidente:<\/strong> Gervesson Antonio Cadore (MDB);<\/li>\n<li><strong>Membro:<\/strong> Solange Maria de Assis (PL);<\/li>\n<li><strong>Membro:<\/strong> Nailson Mantovani (MDB);<\/li>\n<li><strong>Suplentes:<\/strong> Nelso Antonio Dall Orsoletta (MDB), Ademir de Jesus (PP).<\/li>\n<\/ul>\n<p><strong>Comiss\u00e3o de Reda\u00e7\u00e3o Final:<\/strong><\/p>\n<ul>\n<li><strong>Presidente:<\/strong> Nailson Mantovani (MDB);<\/li>\n<li><strong>Membro:<\/strong> Andressa Costenaro (PL);<\/li>\n<li><strong>Membro:<\/strong> Juventino Jos\u00e9 Savaris J\u00fanior (PP);<\/li>\n<li><strong>Suplentes:<\/strong> Gervesson Antonio Cadore (MDB), Ademir de Jesus (PP).<\/li>\n<\/ul>\n<p><strong>Comiss\u00e3o de Agricultura, Meio Ambiente, Ind\u00fastria e Com\u00e9rcio:<\/strong><\/p>\n<ul>\n<li><strong>Presidente:<\/strong> Nelso Antonio Dall Orsoletta (MDB);<\/li>\n<li><strong>Membro:<\/strong> Solange Maria de Assis (PL);<\/li>\n<li><strong>Membro:<\/strong> Gervesson Antonio Cadore (MDB);<\/li>\n<li><strong>Suplentes:<\/strong> Fabiano Miqueloto (MDB), Juventino Jos\u00e9 Savaris J\u00fanior (PP).<\/li>\n<\/ul>\n\n\t\t<\/div> \n\t<\/div> \n\t<\/div> \n<\/div>\n","protected":false},"excerpt":{"rendered":"Comiss\u00e3o de Constitui\u00e7\u00e3o, Legisla\u00e7\u00e3o e Justi\u00e7a: Presidente: Nailson Mantovani (MDB); Membro: Fabiano Miqueloto (MDB); Membro: Juventino Jos\u00e9 Savaris J\u00fanior (PP); Suplentes: Gervesson Antonio Cadore (MDB), Solange Maria de Assis (PL). Comiss\u00e3o de Transportes, Tecnologia, Inform\u00e1tica, Obras P\u00fablicas e Urbanismo: Presidente: Nelso Antonio Dall Orsoletta (MDB); Membro: Ademir de Jesus (PP); Membro: Fabiano Miqueloto (MDB); Suplentes:<span class=\"read-more arrow\"><a href=\"https:\/\/camaralacerdopolis.sc.gov.br\/site\/membros\/comissoes-permanentes\/\" title=\"Leia Mais\">&rarr;<\/a><\/span>","protected":false},"author":2,"featured_media":0,"parent":31,"menu_order":0,"comment_status":"open","ping_status":"closed","template":"page-blocks.php","meta":{"_monsterinsights_skip_tracking":false,"_monsterinsights_sitenote_active":false,"_monsterinsights_sitenote_note":"","_monsterinsights_sitenote_category":0,"footnotes":""},"class_list":["post-840","page","type-page","status-publish"],"yoast_head":"<!-- This site is optimized with the Yoast SEO plugin v26.4 - https:\/\/yoast.com\/wordpress\/plugins\/seo\/ -->\n<title>Comiss\u00f5es Permanentes - C\u00e2mara Municipal de Vereadores de Lacerd\u00f3polis - Santa Catarina<\/title>\n<meta name=\"robots\" content=\"index, follow, max-snippet:-1, max-image-preview:large, max-video-preview:-1\" \/>\n<link rel=\"canonical\" href=\"https:\/\/camaralacerdopolis.sc.gov.br\/site\/membros\/comissoes-permanentes\/\" \/>\n<meta property=\"og:locale\" content=\"pt_BR\" \/>\n<meta property=\"og:type\" content=\"article\" \/>\n<meta property=\"og:title\" content=\"Comiss\u00f5es Permanentes - C\u00e2mara Municipal de Vereadores de Lacerd\u00f3polis - Santa Catarina\" \/>\n<meta property=\"og:url\" content=\"https:\/\/camaralacerdopolis.sc.gov.br\/site\/membros\/comissoes-permanentes\/\" \/>\n<meta property=\"og:site_name\" content=\"C\u00e2mara Municipal de Vereadores de Lacerd\u00f3polis - Santa Catarina\" \/>\n<meta property=\"article:modified_time\" content=\"2026-02-13T13:10:26+00:00\" \/>\n<meta name=\"twitter:card\" content=\"summary_large_image\" \/>\n<meta name=\"twitter:label1\" content=\"Est. tempo de leitura\" \/>\n\t<meta name=\"twitter:data1\" content=\"2 minutos\" \/>\n<script type=\"application\/ld+json\" class=\"yoast-schema-graph\">{\"@context\":\"https:\/\/schema.org\",\"@graph\":[{\"@type\":\"WebPage\",\"@id\":\"https:\/\/camaralacerdopolis.sc.gov.br\/site\/membros\/comissoes-permanentes\/\",\"url\":\"https:\/\/camaralacerdopolis.sc.gov.br\/site\/membros\/comissoes-permanentes\/\",\"name\":\"Comiss\u00f5es Permanentes - C\u00e2mara Municipal de Vereadores de Lacerd\u00f3polis - Santa Catarina\",\"isPartOf\":{\"@id\":\"https:\/\/camaralacerdopolis.sc.gov.br\/site\/#website\"},\"datePublished\":\"2015-07-01T17:49:41+00:00\",\"dateModified\":\"2026-02-13T13:10:26+00:00\",\"breadcrumb\":{\"@id\":\"https:\/\/camaralacerdopolis.sc.gov.br\/site\/membros\/comissoes-permanentes\/#breadcrumb\"},\"inLanguage\":\"pt-BR\",\"potentialAction\":[{\"@type\":\"ReadAction\",\"target\":[\"https:\/\/camaralacerdopolis.sc.gov.br\/site\/membros\/comissoes-permanentes\/\"]}]},{\"@type\":\"BreadcrumbList\",\"@id\":\"https:\/\/camaralacerdopolis.sc.gov.br\/site\/membros\/comissoes-permanentes\/#breadcrumb\",\"itemListElement\":[{\"@type\":\"ListItem\",\"position\":1,\"name\":\"Home\",\"item\":\"https:\/\/camaralacerdopolis.sc.gov.br\/site\/\"},{\"@type\":\"ListItem\",\"position\":2,\"name\":\"Membros\",\"item\":\"https:\/\/camaralacerdopolis.sc.gov.br\/site\/membros\/\"},{\"@type\":\"ListItem\",\"position\":3,\"name\":\"Comiss\u00f5es Permanentes\"}]},{\"@type\":\"WebSite\",\"@id\":\"https:\/\/camaralacerdopolis.sc.gov.br\/site\/#website\",\"url\":\"https:\/\/camaralacerdopolis.sc.gov.br\/site\/\",\"name\":\"C\u00e2mara Municipal de Vereadores de Lacerd\u00f3polis - Santa Catarina\",\"description\":\"\",\"potentialAction\":[{\"@type\":\"SearchAction\",\"target\":{\"@type\":\"EntryPoint\",\"urlTemplate\":\"https:\/\/camaralacerdopolis.sc.gov.br\/site\/?s={search_term_string}\"},\"query-input\":{\"@type\":\"PropertyValueSpecification\",\"valueRequired\":true,\"valueName\":\"search_term_string\"}}],\"inLanguage\":\"pt-BR\"}]}<\/script>\n<!-- \/ Yoast SEO plugin. -->","yoast_head_json":{"title":"Comiss\u00f5es Permanentes - C\u00e2mara Municipal de Vereadores de Lacerd\u00f3polis - Santa Catarina","robots":{"index":"index","follow":"follow","max-snippet":"max-snippet:-1","max-image-preview":"max-image-preview:large","max-video-preview":"max-video-preview:-1"},"canonical":"https:\/\/camaralacerdopolis.sc.gov.br\/site\/membros\/comissoes-permanentes\/","og_locale":"pt_BR","og_type":"article","og_title":"Comiss\u00f5es Permanentes - C\u00e2mara Municipal de Vereadores de Lacerd\u00f3polis - Santa Catarina","og_url":"https:\/\/camaralacerdopolis.sc.gov.br\/site\/membros\/comissoes-permanentes\/","og_site_name":"C\u00e2mara Municipal de Vereadores de Lacerd\u00f3polis - Santa Catarina","article_modified_time":"2026-02-13T13:10:26+00:00","twitter_card":"summary_large_image","twitter_misc":{"Est. tempo de leitura":"2 minutos"},"schema":{"@context":"https:\/\/schema.org","@graph":[{"@type":"WebPage","@id":"https:\/\/camaralacerdopolis.sc.gov.br\/site\/membros\/comissoes-permanentes\/","url":"https:\/\/camaralacerdopolis.sc.gov.br\/site\/membros\/comissoes-permanentes\/","name":"Comiss\u00f5es Permanentes - C\u00e2mara Municipal de Vereadores de Lacerd\u00f3polis - Santa Catarina","isPartOf":{"@id":"https:\/\/camaralacerdopolis.sc.gov.br\/site\/#website"},"datePublished":"2015-07-01T17:49:41+00:00","dateModified":"2026-02-13T13:10:26+00:00","breadcrumb":{"@id":"https:\/\/camaralacerdopolis.sc.gov.br\/site\/membros\/comissoes-permanentes\/#breadcrumb"},"inLanguage":"pt-BR","potentialAction":[{"@type":"ReadAction","target":["https:\/\/camaralacerdopolis.sc.gov.br\/site\/membros\/comissoes-permanentes\/"]}]},{"@type":"BreadcrumbList","@id":"https:\/\/camaralacerdopolis.sc.gov.br\/site\/membros\/comissoes-permanentes\/#breadcrumb","itemListElement":[{"@type":"ListItem","position":1,"name":"Home","item":"https:\/\/camaralacerdopolis.sc.gov.br\/site\/"},{"@type":"ListItem","position":2,"name":"Membros","item":"https:\/\/camaralacerdopolis.sc.gov.br\/site\/membros\/"},{"@type":"ListItem","position":3,"name":"Comiss\u00f5es Permanentes"}]},{"@type":"WebSite","@id":"https:\/\/camaralacerdopolis.sc.gov.br\/site\/#website","url":"https:\/\/camaralacerdopolis.sc.gov.br\/site\/","name":"C\u00e2mara Municipal de Vereadores de Lacerd\u00f3polis - Santa Catarina","description":"","potentialAction":[{"@type":"SearchAction","target":{"@type":"EntryPoint","urlTemplate":"https:\/\/camaralacerdopolis.sc.gov.br\/site\/?s={search_term_string}"},"query-input":{"@type":"PropertyValueSpecification","valueRequired":true,"valueName":"search_term_string"}}],"inLanguage":"pt-BR"}]}},"jetpack_sharing_enabled":true,"_links":{"self":[{"href":"https:\/\/camaralacerdopolis.sc.gov.br\/site\/wp-json\/wp\/v2\/pages\/840","targetHints":{"allow":["GET"]}}],"collection":[{"href":"https:\/\/camaralacerdopolis.sc.gov.br\/site\/wp-json\/wp\/v2\/pages"}],"about":[{"href":"https:\/\/camaralacerdopolis.sc.gov.br\/site\/wp-json\/wp\/v2\/types\/page"}],"author":[{"embeddable":true,"href":"https:\/\/camaralacerdopolis.sc.gov.br\/site\/wp-json\/wp\/v2\/users\/2"}],"replies":[{"embeddable":true,"href":"https:\/\/camaralacerdopolis.sc.gov.br\/site\/wp-json\/wp\/v2\/comments?post=840"}],"version-history":[{"count":10,"href":"https:\/\/camaralacerdopolis.sc.gov.br\/site\/wp-json\/wp\/v2\/pages\/840\/revisions"}],"predecessor-version":[{"id":6473,"href":"https:\/\/camaralacerdopolis.sc.gov.br\/site\/wp-json\/wp\/v2\/pages\/840\/revisions\/6473"}],"up":[{"embeddable":true,"href":"https:\/\/camaralacerdopolis.sc.gov.br\/site\/wp-json\/wp\/v2\/pages\/31"}],"wp:attachment":[{"href":"https:\/\/camaralacerdopolis.sc.gov.br\/site\/wp-json\/wp\/v2\/media?parent=840"}],"curies":[{"name":"wp","href":"https:\/\/api.w.org\/{rel}","templated":true}]}}